{"id":149,"date":"2022-04-19T11:37:42","date_gmt":"2022-04-19T09:37:42","guid":{"rendered":"https:\/\/tkg-klimatyzacja.pl\/?page_id=149"},"modified":"2022-05-11T14:03:05","modified_gmt":"2022-05-11T12:03:05","slug":"realizacje","status":"publish","type":"page","link":"https:\/\/tkg-klimatyzacja.pl\/index.php\/realizacje\/","title":{"rendered":"REALIZACJE"},"content":{"rendered":"<p>[et_pb_section fb_built=&#8221;1&#8243; admin_label=&#8221;Header&#8221; _builder_version=&#8221;4.17.3&#8243; _module_preset=&#8221;default&#8221; background_enable_image=&#8221;off&#8221; background_size=&#8221;initial&#8221; custom_margin=&#8221;0px||||false|false&#8221; custom_padding=&#8221;0px|||||&#8221; background_last_edited=&#8221;off|tablet&#8221; background_position_tablet=&#8221;center_left&#8221; locked=&#8221;off&#8221; global_colors_info=&#8221;{}&#8221;][et_pb_row _builder_version=&#8221;4.16&#8243; _module_preset=&#8221;default&#8221; min_height=&#8221;160px&#8221; custom_padding=&#8221;0px||0px|||&#8221; global_colors_info=&#8221;{}&#8221;][et_pb_column type=&#8221;4_4&#8243; _builder_version=&#8221;4.16&#8243; _module_preset=&#8221;default&#8221; global_colors_info=&#8221;{}&#8221;][et_pb_text _builder_version=&#8221;4.17.3&#8243; _module_preset=&#8221;default&#8221; text_font_size=&#8221;16px&#8221; text_line_height=&#8221;1.8em&#8221; header_font=&#8221;IBM Plex Sans Condensed|700|||||||&#8221; header_font_size=&#8221;80px&#8221; header_line_height=&#8221;1.2em&#8221; header_2_font_size=&#8221;80px&#8221; header_3_font_size=&#8221;80px&#8221; header_4_font_size=&#8221;80px&#8221; header_5_font_size=&#8221;60px&#8221; header_5_line_height=&#8221;1.6em&#8221; header_6_font_size=&#8221;80px&#8221; max_width=&#8221;800px&#8221; min_height=&#8221;119px&#8221; custom_margin=&#8221;||-26px|||&#8221; text_font_size_phone=&#8221;16px&#8221; text_font_size_last_edited=&#8221;off|desktop&#8221; header_font_size_tablet=&#8221;50px&#8221; header_font_size_phone=&#8221;36px&#8221; header_font_size_last_edited=&#8221;on|phone&#8221; header_2_font_size_tablet=&#8221;50px&#8221; header_2_font_size_phone=&#8221;36px&#8221; header_2_font_size_last_edited=&#8221;on|phone&#8221; header_3_font_size_tablet=&#8221;50px&#8221; header_3_font_size_phone=&#8221;36px&#8221; header_3_font_size_last_edited=&#8221;on|phone&#8221; header_4_font_size_tablet=&#8221;50px&#8221; header_4_font_size_phone=&#8221;36px&#8221; header_4_font_size_last_edited=&#8221;on|phone&#8221; header_5_font_size_tablet=&#8221;50px&#8221; header_5_font_size_phone=&#8221;36px&#8221; header_5_font_size_last_edited=&#8221;on|phone&#8221; header_6_font_size_tablet=&#8221;50px&#8221; header_6_font_size_phone=&#8221;36px&#8221; header_6_font_size_last_edited=&#8221;on|phone&#8221; locked=&#8221;off&#8221; inline_fonts=&#8221;Poppins&#8221; global_colors_info=&#8221;{}&#8221;]<\/p>\n<h5><strong><span style=\"color: #333399;\">Realizacje<br \/><\/span><\/strong><\/h5>\n<p>[\/et_pb_text][et_pb_divider color=&#8221;#233a8e&#8221; divider_weight=&#8221;2px&#8221; _builder_version=&#8221;4.17.3&#8243; _module_preset=&#8221;default&#8221; width=&#8221;7%&#8221; custom_margin=&#8221;||-68px|||&#8221; global_colors_info=&#8221;{}&#8221;][\/et_pb_divider][et_pb_text _builder_version=&#8221;4.17.3&#8243; _module_preset=&#8221;default&#8221; text_font_size=&#8221;16px&#8221; text_line_height=&#8221;1.8em&#8221; header_font=&#8221;Poppins|800|||||||&#8221; header_font_size=&#8221;80px&#8221; header_line_height=&#8221;1.2em&#8221; header_2_font_size=&#8221;80px&#8221; header_3_font_size=&#8221;80px&#8221; header_4_font_size=&#8221;80px&#8221; header_5_font_size=&#8221;80px&#8221; header_6_font_size=&#8221;80px&#8221; max_width=&#8221;800px&#8221; min_height=&#8221;59.8px&#8221; custom_margin=&#8221;||-26px|||&#8221; text_font_size_phone=&#8221;16px&#8221; text_font_size_last_edited=&#8221;off|desktop&#8221; header_font_size_tablet=&#8221;50px&#8221; header_font_size_phone=&#8221;36px&#8221; header_font_size_last_edited=&#8221;on|phone&#8221; header_2_font_size_tablet=&#8221;50px&#8221; header_2_font_size_phone=&#8221;36px&#8221; header_2_font_size_last_edited=&#8221;on|phone&#8221; header_3_font_size_tablet=&#8221;50px&#8221; header_3_font_size_phone=&#8221;36px&#8221; header_3_font_size_last_edited=&#8221;on|phone&#8221; header_4_font_size_tablet=&#8221;50px&#8221; header_4_font_size_phone=&#8221;36px&#8221; header_4_font_size_last_edited=&#8221;on|phone&#8221; header_5_font_size_tablet=&#8221;50px&#8221; header_5_font_size_phone=&#8221;36px&#8221; header_5_font_size_last_edited=&#8221;on|phone&#8221; header_6_font_size_tablet=&#8221;50px&#8221; header_6_font_size_phone=&#8221;36px&#8221; header_6_font_size_last_edited=&#8221;on|phone&#8221; locked=&#8221;off&#8221; inline_fonts=&#8221;Poppins,Poor Story&#8221; global_colors_info=&#8221;{}&#8221;]<\/p>\n<h1><span style=\"font-family: Poppins; font-size: large; color: #333399;\"><span style=\"font-weight: normal;\"><strong>Oto niekt\u00f3re z wykonanych przez nas prac<\/strong><\/span><strong><\/strong><\/span><\/h1>\n<p>[\/et_pb_text][\/et_pb_column][\/et_pb_row][\/et_pb_section][et_pb_section fb_built=&#8221;1&#8243; module_id=&#8221;klimatyzacja&#8221; _builder_version=&#8221;4.17.3&#8243; _module_preset=&#8221;default&#8221; custom_padding=&#8221;0px||6px|||&#8221; global_colors_info=&#8221;{}&#8221;][et_pb_row column_structure=&#8221;1_3,1_3,1_3&#8243; _builder_version=&#8221;4.17.3&#8243; _module_preset=&#8221;default&#8221; width=&#8221;90%&#8221; max_width=&#8221;1836px&#8221; global_colors_info=&#8221;{}&#8221;][et_pb_column type=&#8221;1_3&#8243; _builder_version=&#8221;4.17.3&#8243; _module_preset=&#8221;default&#8221; global_colors_info=&#8221;{}&#8221;][et_pb_text _builder_version=&#8221;4.17.3&#8243; _module_preset=&#8221;default&#8221; text_font=&#8221;Poppins|600|||||||&#8221; text_text_color=&#8221;#23306b&#8221; text_font_size=&#8221;30px&#8221; text_orientation=&#8221;center&#8221; global_colors_info=&#8221;{}&#8221;]<\/p>\n<p>Klimatyzacja<\/p>\n<p>[\/et_pb_text][et_pb_gallery gallery_ids=&#8221;249649,249056,249055,249057&#8243; posts_number=&#8221;1&#8243; show_title_and_caption=&#8221;off&#8221; show_pagination=&#8221;off&#8221; module_id=&#8221;klimatyzacja&#8221; _builder_version=&#8221;4.17.3&#8243; _module_preset=&#8221;default&#8221; custom_margin=&#8221;||-30px|||&#8221; custom_padding=&#8221;||0px|||&#8221; hover_enabled=&#8221;0&#8243; box_shadow_style_image=&#8221;preset1&#8243; box_shadow_spread_image=&#8221;3px&#8221; box_shadow_color_image=&#8221;rgba(109,127,160,0.91)&#8221; global_colors_info=&#8221;{}&#8221; sticky_enabled=&#8221;0&#8243;][\/et_pb_gallery][\/et_pb_column][et_pb_column type=&#8221;1_3&#8243; _builder_version=&#8221;4.17.3&#8243; _module_preset=&#8221;default&#8221; global_colors_info=&#8221;{}&#8221;][et_pb_text _builder_version=&#8221;4.17.3&#8243; _module_preset=&#8221;default&#8221; text_font=&#8221;Poppins|600|||||||&#8221; text_text_color=&#8221;#23306b&#8221; text_font_size=&#8221;30px&#8221; text_orientation=&#8221;center&#8221; min_height=&#8221;25.8px&#8221; global_colors_info=&#8221;{}&#8221;]<\/p>\n<p>Wentylacja<\/p>\n<p>[\/et_pb_text][et_pb_gallery gallery_ids=&#8221;249069,249068,249657&#8243; posts_number=&#8221;1&#8243; show_title_and_caption=&#8221;off&#8221; show_pagination=&#8221;off&#8221; _builder_version=&#8221;4.17.3&#8243; _module_preset=&#8221;default&#8221; custom_margin=&#8221;||-11px|||&#8221; hover_enabled=&#8221;0&#8243; box_shadow_style_image=&#8221;preset1&#8243; box_shadow_spread_image=&#8221;3px&#8221; box_shadow_color_image=&#8221;rgba(109,127,160,0.91)&#8221; global_colors_info=&#8221;{}&#8221; module_id=&#8221;wentylacja&#8221; sticky_enabled=&#8221;0&#8243;][\/et_pb_gallery][\/et_pb_column][et_pb_column type=&#8221;1_3&#8243; _builder_version=&#8221;4.17.3&#8243; _module_preset=&#8221;default&#8221; global_colors_info=&#8221;{}&#8221;][et_pb_text _builder_version=&#8221;4.17.3&#8243; _module_preset=&#8221;default&#8221; text_font=&#8221;Poppins|600|||||||&#8221; text_text_color=&#8221;#23306b&#8221; text_font_size=&#8221;30px&#8221; text_orientation=&#8221;center&#8221; min_height=&#8221;25.8px&#8221; global_colors_info=&#8221;{}&#8221;]<\/p>\n<p>Instalacje przemys\u0142owe<\/p>\n<p>[\/et_pb_text][et_pb_gallery gallery_ids=&#8221;249060,249062,249061&#8243; posts_number=&#8221;1&#8243; show_title_and_caption=&#8221;off&#8221; show_pagination=&#8221;off&#8221; _builder_version=&#8221;4.17.3&#8243; _module_preset=&#8221;default&#8221; custom_margin=&#8221;||-35px|||&#8221; hover_enabled=&#8221;0&#8243; box_shadow_style_image=&#8221;preset1&#8243; box_shadow_spread_image=&#8221;3px&#8221; box_shadow_color_image=&#8221;rgba(109,127,160,0.91)&#8221; global_colors_info=&#8221;{}&#8221; module_id=&#8221;instalacje&#8221; sticky_enabled=&#8221;0&#8243;][\/et_pb_gallery][\/et_pb_column][\/et_pb_row][\/et_pb_section][et_pb_section fb_built=&#8221;1&#8243; _builder_version=&#8221;4.17.3&#8243; _module_preset=&#8221;default&#8221; background_color=&#8221;#23306b&#8221; custom_padding=&#8221;0px||0px|||&#8221; global_colors_info=&#8221;{}&#8221;][et_pb_row column_structure=&#8221;1_3,1_3,1_3&#8243; _builder_version=&#8221;4.17.3&#8243; _module_preset=&#8221;default&#8221; global_colors_info=&#8221;{}&#8221;][et_pb_column type=&#8221;1_3&#8243; _builder_version=&#8221;4.17.3&#8243; _module_preset=&#8221;default&#8221; global_colors_info=&#8221;{}&#8221;][et_pb_text _builder_version=&#8221;4.17.3&#8243; _module_preset=&#8221;default&#8221; text_font=&#8221;Poppins|700|||||||&#8221; text_text_color=&#8221;#e8e8e8&#8243; text_font_size=&#8221;17px&#8221; text_orientation=&#8221;center&#8221; custom_margin=&#8221;10px||30px||false|false&#8221; global_colors_info=&#8221;{}&#8221;]<\/p>\n<p>Dane firmy<\/p>\n<p>[\/et_pb_text][et_pb_divider color=&#8221;#96afd3&#8243; divider_weight=&#8221;2px&#8221; _builder_version=&#8221;4.17.3&#8243; _module_preset=&#8221;default&#8221; width=&#8221;8%&#8221; module_alignment=&#8221;center&#8221; custom_margin=&#8221;||13px|||&#8221; global_colors_info=&#8221;{}&#8221;][\/et_pb_divider][et_pb_text _builder_version=&#8221;4.17.3&#8243; _module_preset=&#8221;default&#8221; text_font=&#8221;Poppins|500|||||||&#8221; text_orientation=&#8221;center&#8221; global_colors_info=&#8221;{}&#8221;]<\/p>\n<p><span style=\"color: #abafce;\"><span style=\"color: rgba(255, 255, 255, 0.93);\">Technika Klimatyzacyjna i Grzewcza Sp. z o.o.<\/span><\/span><br \/><span style=\"color: #abafce;\">ul. Ko\u015bcierzy\u0144ska 17-19, 51-430 Wroc\u0142aw<br \/>NIP: 8992555738<br \/><\/span><\/p>\n<p>&nbsp;<\/p>\n<p>[\/et_pb_text][\/et_pb_column][et_pb_column type=&#8221;1_3&#8243; _builder_version=&#8221;4.17.3&#8243; _module_preset=&#8221;default&#8221; global_colors_info=&#8221;{}&#8221;][et_pb_text _builder_version=&#8221;4.17.3&#8243; _module_preset=&#8221;default&#8221; text_font=&#8221;Poppins|700|||||||&#8221; text_text_color=&#8221;#e8e8e8&#8243; text_font_size=&#8221;17px&#8221; text_orientation=&#8221;center&#8221; custom_margin=&#8221;10px||30px||false|false&#8221; global_colors_info=&#8221;{}&#8221;]<\/p>\n<p>Kontakt<\/p>\n<p>[\/et_pb_text][et_pb_divider color=&#8221;#96afd3&#8243; divider_weight=&#8221;2px&#8221; _builder_version=&#8221;4.17.3&#8243; _module_preset=&#8221;default&#8221; width=&#8221;8%&#8221; module_alignment=&#8221;center&#8221; custom_margin=&#8221;||13px|||&#8221; global_colors_info=&#8221;{}&#8221;][\/et_pb_divider][et_pb_text _builder_version=&#8221;4.17.3&#8243; _module_preset=&#8221;default&#8221; text_font=&#8221;Poppins|500|||||||&#8221; text_orientation=&#8221;center&#8221; global_colors_info=&#8221;{}&#8221;]<\/p>\n<p><span style=\"color: #abafce;\"><\/span><span style=\"color: #abafce;\">(biuro) ul. Syrokomli 5, 51-141 Wroc\u0142aw<br \/>\ud83d\udd7f 605 676 706\u00a0<br \/><a id=\"email_biuro\" href=\"mailto:biuro@tkg-klimatyzacja.pl\">\u2709 biuro@tkg-klimatyzacja.pl<\/a><\/span><\/p>\n<p>[\/et_pb_text][\/et_pb_column][et_pb_column type=&#8221;1_3&#8243; _builder_version=&#8221;4.17.3&#8243; _module_preset=&#8221;default&#8221; global_colors_info=&#8221;{}&#8221;][et_pb_text _builder_version=&#8221;4.17.3&#8243; _module_preset=&#8221;default&#8221; text_font=&#8221;Poppins|700|||||||&#8221; text_text_color=&#8221;#e8e8e8&#8243; text_font_size=&#8221;17px&#8221; text_orientation=&#8221;center&#8221; custom_margin=&#8221;10px||30px||false|false&#8221; global_colors_info=&#8221;{}&#8221;]<\/p>\n<p>Informacje<\/p>\n<p>[\/et_pb_text][et_pb_divider color=&#8221;#96afd3&#8243; divider_weight=&#8221;2px&#8221; _builder_version=&#8221;4.17.3&#8243; _module_preset=&#8221;default&#8221; width=&#8221;8%&#8221; module_alignment=&#8221;center&#8221; custom_margin=&#8221;||13px|||&#8221; global_colors_info=&#8221;{}&#8221;][\/et_pb_divider][et_pb_text _builder_version=&#8221;4.17.3&#8243; _module_preset=&#8221;default&#8221; text_font=&#8221;Poppins|500|||||||&#8221; text_orientation=&#8221;center&#8221; custom_padding=&#8221;0px|||||&#8221; global_colors_info=&#8221;{}&#8221;]<\/p>\n<p><span style=\"color: #abafce;\"><a href=\"https:\/\/tkg-klimatyzacja.pl\/index.php\/oferta\/\" style=\"color: #abafce;\">O nas<\/a><br \/><a href=\"https:\/\/tkg-klimatyzacja.pl\/index.php\/realizacje\/\" style=\"color: #abafce;\">Realizacje<\/a><br \/><a href=\"https:\/\/tkg-klimatyzacja.pl\/index.php\/referencje\/\" style=\"color: #abafce;\">Referencje<\/a><br \/><a href=\"https:\/\/tkg-klimatyzacja.pl\/wp-content\/uploads\/2022\/04\/RODO.pdf\" target=\"_blank\" rel=\"noopener\" style=\"color: #abafce;\">Polityka prywatno\u015bci<\/a><\/span><span style=\"color: #abafce;\"><br \/><\/span><\/p>\n<p><span style=\"color: #abafce;\"><\/span><\/p>\n<p>[\/et_pb_text][\/et_pb_column][\/et_pb_row][\/et_pb_section]<\/p>\n","protected":false},"excerpt":{"rendered":"<p>RealizacjeOto niekt\u00f3re z wykonanych przez nas pracKlimatyzacjaWentylacjaInstalacje przemys\u0142oweDane firmyTechnika Klimatyzacyjna i Grzewcza Sp. z o.o.ul. Ko\u015bcierzy\u0144ska 17-19, 51-430 Wroc\u0142awNIP: 8992555738 &nbsp;Kontakt(biuro) ul. Syrokomli 5, 51-141 Wroc\u0142aw\ud83d\udd7f 605 676 706\u00a0\u2709 biuro@tkg-klimatyzacja.plInformacjeO nasRealizacjeReferencjePolityka prywatno\u015bci<\/p>\n","protected":false},"author":2,"featured_media":0,"parent":0,"menu_order":0,"comment_status":"closed","ping_status":"closed","template":"","meta":{"_et_pb_use_builder":"on","_et_pb_old_content":"","_et_gb_content_width":"","inline_featured_image":false,"footnotes":""},"class_list":["post-149","page","type-page","status-publish","hentry"],"_links":{"self":[{"href":"https:\/\/tkg-klimatyzacja.pl\/index.php\/wp-json\/wp\/v2\/pages\/149","targetHints":{"allow":["GET"]}}],"collection":[{"href":"https:\/\/tkg-klimatyzacja.pl\/index.php\/wp-json\/wp\/v2\/pages"}],"about":[{"href":"https:\/\/tkg-klimatyzacja.pl\/index.php\/wp-json\/wp\/v2\/types\/page"}],"author":[{"embeddable":true,"href":"https:\/\/tkg-klimatyzacja.pl\/index.php\/wp-json\/wp\/v2\/users\/2"}],"replies":[{"embeddable":true,"href":"https:\/\/tkg-klimatyzacja.pl\/index.php\/wp-json\/wp\/v2\/comments?post=149"}],"version-history":[{"count":52,"href":"https:\/\/tkg-klimatyzacja.pl\/index.php\/wp-json\/wp\/v2\/pages\/149\/revisions"}],"predecessor-version":[{"id":249685,"href":"https:\/\/tkg-klimatyzacja.pl\/index.php\/wp-json\/wp\/v2\/pages\/149\/revisions\/249685"}],"wp:attachment":[{"href":"https:\/\/tkg-klimatyzacja.pl\/index.php\/wp-json\/wp\/v2\/media?parent=149"}],"curies":[{"name":"wp","href":"https:\/\/api.w.org\/{rel}","templated":true}]}}