{"id":125,"date":"2022-04-19T09:39:07","date_gmt":"2022-04-19T07:39:07","guid":{"rendered":"https:\/\/tkg-klimatyzacja.pl\/?page_id=125"},"modified":"2022-05-10T12:26:11","modified_gmt":"2022-05-10T10:26:11","slug":"jakosc","status":"publish","type":"page","link":"https:\/\/tkg-klimatyzacja.pl\/index.php\/jakosc\/","title":{"rendered":"Jako\u015b\u0107"},"content":{"rendered":"<p>[et_pb_section fb_built=&#8221;1&#8243; custom_padding_last_edited=&#8221;on|phone&#8221; admin_label=&#8221;Hero Section&#8221; _builder_version=&#8221;4.17.3&#8243; _module_preset=&#8221;default&#8221; background_color=&#8221;RGBA(255,255,255,0)&#8221; use_background_color_gradient=&#8221;on&#8221; background_color_gradient_stops=&#8221;rgba(255,255,255,0) 0%|rgba(255,255,255,0) 100%&#8221; background_enable_image=&#8221;off&#8221; custom_padding=&#8221;0px|0px|200px|0px||&#8221; custom_padding_tablet=&#8221;200px||200px|&#8221; custom_padding_phone=&#8221;140px||140px|&#8221; global_colors_info=&#8221;{}&#8221;][et_pb_row _builder_version=&#8221;4.16&#8243; _module_preset=&#8221;default&#8221; min_height=&#8221;160px&#8221; custom_padding=&#8221;4px||0px|||&#8221; global_colors_info=&#8221;{}&#8221;][et_pb_column type=&#8221;4_4&#8243; _builder_version=&#8221;4.16&#8243; _module_preset=&#8221;default&#8221; global_colors_info=&#8221;{}&#8221;][et_pb_text _builder_version=&#8221;4.17.3&#8243; _module_preset=&#8221;default&#8221; text_font_size=&#8221;16px&#8221; text_line_height=&#8221;1.8em&#8221; header_font=&#8221;IBM Plex Sans Condensed|700|||||||&#8221; header_font_size=&#8221;80px&#8221; header_line_height=&#8221;1.2em&#8221; header_2_font_size=&#8221;80px&#8221; header_3_font_size=&#8221;80px&#8221; header_4_font_size=&#8221;80px&#8221; header_5_font_size=&#8221;60px&#8221; header_5_line_height=&#8221;1.6em&#8221; header_6_font_size=&#8221;80px&#8221; max_width=&#8221;800px&#8221; min_height=&#8221;119px&#8221; custom_margin=&#8221;||-26px|||&#8221; text_font_size_phone=&#8221;16px&#8221; text_font_size_last_edited=&#8221;off|desktop&#8221; header_font_size_tablet=&#8221;50px&#8221; header_font_size_phone=&#8221;36px&#8221; header_font_size_last_edited=&#8221;on|phone&#8221; header_2_font_size_tablet=&#8221;50px&#8221; header_2_font_size_phone=&#8221;36px&#8221; header_2_font_size_last_edited=&#8221;on|phone&#8221; header_3_font_size_tablet=&#8221;50px&#8221; header_3_font_size_phone=&#8221;36px&#8221; header_3_font_size_last_edited=&#8221;on|phone&#8221; header_4_font_size_tablet=&#8221;50px&#8221; header_4_font_size_phone=&#8221;36px&#8221; header_4_font_size_last_edited=&#8221;on|phone&#8221; header_5_font_size_tablet=&#8221;50px&#8221; header_5_font_size_phone=&#8221;36px&#8221; header_5_font_size_last_edited=&#8221;on|phone&#8221; header_6_font_size_tablet=&#8221;50px&#8221; header_6_font_size_phone=&#8221;36px&#8221; header_6_font_size_last_edited=&#8221;on|phone&#8221; locked=&#8221;off&#8221; inline_fonts=&#8221;Poppins&#8221; global_colors_info=&#8221;{}&#8221;]<\/p>\n<h5><strong><span style=\"color: #333399;\">Kariera<br \/><\/span><\/strong><\/h5>\n<p>[\/et_pb_text][et_pb_divider color=&#8221;#233a8e&#8221; divider_weight=&#8221;2px&#8221; _builder_version=&#8221;4.17.3&#8243; _module_preset=&#8221;default&#8221; width=&#8221;7%&#8221; custom_margin=&#8221;||-68px|||&#8221; global_colors_info=&#8221;{}&#8221;][\/et_pb_divider][et_pb_text _builder_version=&#8221;4.17.3&#8243; _module_preset=&#8221;default&#8221; text_font_size=&#8221;16px&#8221; text_line_height=&#8221;1.8em&#8221; header_font=&#8221;Poppins|800|||||||&#8221; header_font_size=&#8221;80px&#8221; header_line_height=&#8221;1.2em&#8221; header_2_font_size=&#8221;80px&#8221; header_3_font_size=&#8221;80px&#8221; header_4_font_size=&#8221;80px&#8221; header_5_font_size=&#8221;80px&#8221; header_6_font_size=&#8221;80px&#8221; max_width=&#8221;800px&#8221; min_height=&#8221;59.8px&#8221; custom_margin=&#8221;||-26px|||&#8221; text_font_size_phone=&#8221;16px&#8221; text_font_size_last_edited=&#8221;off|desktop&#8221; header_font_size_tablet=&#8221;50px&#8221; header_font_size_phone=&#8221;36px&#8221; header_font_size_last_edited=&#8221;on|phone&#8221; header_2_font_size_tablet=&#8221;50px&#8221; header_2_font_size_phone=&#8221;36px&#8221; header_2_font_size_last_edited=&#8221;on|phone&#8221; header_3_font_size_tablet=&#8221;50px&#8221; header_3_font_size_phone=&#8221;36px&#8221; header_3_font_size_last_edited=&#8221;on|phone&#8221; header_4_font_size_tablet=&#8221;50px&#8221; header_4_font_size_phone=&#8221;36px&#8221; header_4_font_size_last_edited=&#8221;on|phone&#8221; header_5_font_size_tablet=&#8221;50px&#8221; header_5_font_size_phone=&#8221;36px&#8221; header_5_font_size_last_edited=&#8221;on|phone&#8221; header_6_font_size_tablet=&#8221;50px&#8221; header_6_font_size_phone=&#8221;36px&#8221; header_6_font_size_last_edited=&#8221;on|phone&#8221; locked=&#8221;off&#8221; inline_fonts=&#8221;Poppins,Poor Story&#8221; global_colors_info=&#8221;{}&#8221;]<\/p>\n<h1><span style=\"font-family: Poppins; font-size: large; color: #333399;\"><span style=\"font-weight: normal;\"><strong>Napisz do nas!<\/strong><\/span><strong><\/strong><\/span><\/h1>\n<p>[\/et_pb_text][\/et_pb_column][\/et_pb_row][et_pb_row _builder_version=&#8221;4.17.3&#8243; _module_preset=&#8221;default&#8221; global_colors_info=&#8221;{}&#8221;][et_pb_column type=&#8221;4_4&#8243; _builder_version=&#8221;4.17.3&#8243; _module_preset=&#8221;default&#8221; global_colors_info=&#8221;{}&#8221;][et_pb_text _builder_version=&#8221;4.17.3&#8243; _module_preset=&#8221;default&#8221; global_colors_info=&#8221;{}&#8221;]<\/p>\n<p><span style=\"font-size: medium;\">Technika Klimatyzacyjna i Grzewcza Sp. z o.o. istnieje na rynku od 2000 roku. Podejmujemy si\u0119 wykonawstwa<\/span><br \/><span style=\"font-size: medium;\">oraz projektowania system\u00f3w klimatyzacyjnych, wentylacyjnych, instalacji sanitarnych i elektrycznych <\/span><br \/><span style=\"font-size: medium;\">w r\u00f3\u017cnego typu obiektach. Je\u017celi chcesz do nas do\u0142\u0105czy\u0107 &#8211; napisz!<\/span><\/p>\n<p><span style=\"font-size: medium;\"><strong>\u00a0\u00a0 Poszukujemy pracownika na stanowisko:<\/strong><\/span><br \/><span style=\"font-size: medium;\"><strong><span style=\"color: #333399;\">\u00a0\u00a0 \u2022 Pomocnik Montera Wentylacji<\/span><\/strong><\/span><\/p>\n<p>[\/et_pb_text][\/et_pb_column][\/et_pb_row][et_pb_row _builder_version=&#8221;4.17.3&#8243; _module_preset=&#8221;default&#8221; max_width=&#8221;900px&#8221; custom_padding=&#8221;|||0px||&#8221; use_custom_width=&#8221;on&#8221; custom_width_px=&#8221;900px&#8221; global_colors_info=&#8221;{}&#8221;][et_pb_column type=&#8221;4_4&#8243; _builder_version=&#8221;4.16&#8243; _module_preset=&#8221;default&#8221; custom_padding=&#8221;|||&#8221; global_colors_info=&#8221;{}&#8221; custom_padding__hover=&#8221;|||&#8221;][dsm_contact_form_7 cf7_library=&#8221;249486&#8243; _builder_version=&#8221;4.17.3&#8243; _module_preset=&#8221;default&#8221; labels_font=&#8221;Poppins||||||||&#8221; custom_button_one=&#8221;on&#8221; button_one_text_color=&#8221;#ffffff&#8221; button_one_bg_color=&#8221;#23306b&#8221; min_height=&#8221;590.2px&#8221; custom_padding=&#8221;|1px||||&#8221; hover_enabled=&#8221;0&#8243; global_colors_info=&#8221;{}&#8221; sticky_enabled=&#8221;0&#8243;][\/dsm_contact_form_7][\/et_pb_column][\/et_pb_row][\/et_pb_section][et_pb_section fb_built=&#8221;1&#8243; _builder_version=&#8221;4.17.3&#8243; _module_preset=&#8221;default&#8221; background_color=&#8221;#23306b&#8221; custom_padding=&#8221;0px||0px|||&#8221; global_colors_info=&#8221;{}&#8221;][et_pb_row column_structure=&#8221;1_3,1_3,1_3&#8243; _builder_version=&#8221;4.17.3&#8243; _module_preset=&#8221;default&#8221; global_colors_info=&#8221;{}&#8221;][et_pb_column type=&#8221;1_3&#8243; _builder_version=&#8221;4.17.3&#8243; _module_preset=&#8221;default&#8221; global_colors_info=&#8221;{}&#8221;][et_pb_text _builder_version=&#8221;4.17.3&#8243; _module_preset=&#8221;default&#8221; text_font=&#8221;Poppins|700|||||||&#8221; text_text_color=&#8221;#e8e8e8&#8243; text_font_size=&#8221;17px&#8221; text_orientation=&#8221;center&#8221; custom_margin=&#8221;10px||30px||false|false&#8221; global_colors_info=&#8221;{}&#8221;]<\/p>\n<p>Dane firmy<\/p>\n<p>[\/et_pb_text][et_pb_divider color=&#8221;#96afd3&#8243; divider_weight=&#8221;2px&#8221; _builder_version=&#8221;4.17.3&#8243; _module_preset=&#8221;default&#8221; width=&#8221;8%&#8221; module_alignment=&#8221;center&#8221; custom_margin=&#8221;||13px|||&#8221; global_colors_info=&#8221;{}&#8221;][\/et_pb_divider][et_pb_text _builder_version=&#8221;4.17.3&#8243; _module_preset=&#8221;default&#8221; text_font=&#8221;Poppins|500|||||||&#8221; text_orientation=&#8221;center&#8221; global_colors_info=&#8221;{}&#8221;]<\/p>\n<p><span style=\"color: #abafce;\"><span style=\"color: rgba(255, 255, 255, 0.93);\">Technika Klimatyzacyjna i Grzewcza Sp. z o.o.<\/span><\/span><br \/><span style=\"color: #abafce;\">ul. Ko\u015bcierzy\u0144ska 17-19, 51-430 Wroc\u0142aw<br \/>NIP: 8992555738<br \/><\/span><\/p>\n<p>&nbsp;<\/p>\n<p>[\/et_pb_text][\/et_pb_column][et_pb_column type=&#8221;1_3&#8243; _builder_version=&#8221;4.17.3&#8243; _module_preset=&#8221;default&#8221; global_colors_info=&#8221;{}&#8221;][et_pb_text _builder_version=&#8221;4.17.3&#8243; _module_preset=&#8221;default&#8221; text_font=&#8221;Poppins|700|||||||&#8221; text_text_color=&#8221;#e8e8e8&#8243; text_font_size=&#8221;17px&#8221; text_orientation=&#8221;center&#8221; custom_margin=&#8221;10px||30px||false|false&#8221; global_colors_info=&#8221;{}&#8221;]<\/p>\n<p>Kontakt<\/p>\n<p>[\/et_pb_text][et_pb_divider color=&#8221;#96afd3&#8243; divider_weight=&#8221;2px&#8221; _builder_version=&#8221;4.17.3&#8243; _module_preset=&#8221;default&#8221; width=&#8221;8%&#8221; module_alignment=&#8221;center&#8221; custom_margin=&#8221;||13px|||&#8221; global_colors_info=&#8221;{}&#8221;][\/et_pb_divider][et_pb_text _builder_version=&#8221;4.17.3&#8243; _module_preset=&#8221;default&#8221; text_font=&#8221;Poppins|500|||||||&#8221; text_orientation=&#8221;center&#8221; global_colors_info=&#8221;{}&#8221;]<\/p>\n<p><span style=\"color: #abafce;\"><\/span><span style=\"color: #abafce;\">(biuro) ul. Syrokomli 5, 51-141 Wroc\u0142aw<br \/>\ud83d\udd7f 605 676 706\u00a0<br \/><a id=\"email_biuro\" href=\"mailto:biuro@tkg-klimatyzacja.pl\">\u2709 biuro@tkg-klimatyzacja.pl<\/a><\/span><\/p>\n<p>[\/et_pb_text][\/et_pb_column][et_pb_column type=&#8221;1_3&#8243; _builder_version=&#8221;4.17.3&#8243; _module_preset=&#8221;default&#8221; global_colors_info=&#8221;{}&#8221;][et_pb_text _builder_version=&#8221;4.17.3&#8243; _module_preset=&#8221;default&#8221; text_font=&#8221;Poppins|700|||||||&#8221; text_text_color=&#8221;#e8e8e8&#8243; text_font_size=&#8221;17px&#8221; text_orientation=&#8221;center&#8221; custom_margin=&#8221;10px||30px||false|false&#8221; global_colors_info=&#8221;{}&#8221;]<\/p>\n<p>Informacje<\/p>\n<p>[\/et_pb_text][et_pb_divider color=&#8221;#96afd3&#8243; divider_weight=&#8221;2px&#8221; _builder_version=&#8221;4.17.3&#8243; _module_preset=&#8221;default&#8221; width=&#8221;8%&#8221; module_alignment=&#8221;center&#8221; custom_margin=&#8221;||13px|||&#8221; global_colors_info=&#8221;{}&#8221;][\/et_pb_divider][et_pb_text _builder_version=&#8221;4.17.3&#8243; _module_preset=&#8221;default&#8221; text_font=&#8221;Poppins|500|||||||&#8221; text_orientation=&#8221;center&#8221; custom_padding=&#8221;0px|||||&#8221; global_colors_info=&#8221;{}&#8221;]<\/p>\n<p><span style=\"color: #abafce;\"><a href=\"https:\/\/tkg-klimatyzacja.pl\/index.php\/oferta\/\" style=\"color: #abafce;\">O nas<\/a><br \/><a href=\"https:\/\/tkg-klimatyzacja.pl\/index.php\/realizacje\/\" style=\"color: #abafce;\">Realizacje<\/a><br \/><a href=\"https:\/\/tkg-klimatyzacja.pl\/index.php\/referencje\/\" style=\"color: #abafce;\">Referencje<\/a><br \/><a href=\"https:\/\/tkg-klimatyzacja.pl\/wp-content\/uploads\/2022\/04\/RODO.pdf\" target=\"_blank\" rel=\"noopener\" style=\"color: #abafce;\">Polityka prywatno\u015bci<\/a><\/span><span style=\"color: #abafce;\"><br \/><\/span><\/p>\n<p><span style=\"color: #abafce;\"><\/span><\/p>\n<p>[\/et_pb_text][\/et_pb_column][\/et_pb_row][\/et_pb_section]<\/p>\n","protected":false},"excerpt":{"rendered":"<p>KarieraNapisz do nas!Technika Klimatyzacyjna i Grzewcza Sp. z o.o. istnieje na rynku od 2000 roku. Podejmujemy si\u0119 wykonawstwaoraz projektowania system\u00f3w klimatyzacyjnych, wentylacyjnych, instalacji sanitarnych i elektrycznych w r\u00f3\u017cnego typu obiektach. Je\u017celi chcesz do nas do\u0142\u0105czy\u0107 &#8211; napisz! \u00a0\u00a0 Poszukujemy pracownika na stanowisko:\u00a0\u00a0 \u2022 Pomocnik Montera Wentylacji<div class=\"et_pb_module dsm_contact_form_7 dsm_contact_form_7_0\">\n\t\t\t\t\n\t\t\t\t\n\t\t\t\t\n\t\t\t\t\n\t\t\t\t\n\t\t\t\t\n\t\t\t\t<div class=\"et_pb_module_inner\">\n\t\t\t\t\t<div class=\"\">\n\t\t\t\t\n<div class=\"wpcf7 no-js\" id=\"wpcf7-f249486-o1\" lang=\"en-US\" dir=\"ltr\" data-wpcf7-id=\"249486\">\n<div class=\"screen-reader-response\"><p role=\"status\" aria-live=\"polite\" aria-atomic=\"true\"><\/p> <ul><\/ul><\/div>\n<form action=\"\/index.php\/wp-json\/wp\/v2\/pages\/125#wpcf7-f249486-o1\" method=\"post\" class=\"wpcf7-form init\" aria-label=\"Contact form\" enctype=\"multipart\/form-data\" novalidate=\"novalidate\" data-status=\"init\">\n<fieldset class=\"hidden-fields-container\"><input type=\"hidden\" name=\"_wpcf7\" value=\"249486\" \/><input type=\"hidden\" name=\"_wpcf7_version\" value=\"6.1.5\" \/><input type=\"hidden\" name=\"_wpcf7_locale\" value=\"en_US\" \/><input type=\"hidden\" name=\"_wpcf7_unit_tag\" value=\"wpcf7-f249486-o1\" \/><input type=\"hidden\" name=\"_wpcf7_container_post\" value=\"0\" \/><input type=\"hidden\" name=\"_wpcf7_posted_data_hash\" value=\"\" \/><input type=\"hidden\" name=\"_wpcf7_recaptcha_response\" value=\"\" \/>\n<\/fieldset>\n<p><label> Imi\u0119 i nazwisko<br \/>\n<span class=\"wpcf7-form-control-wrap\" data-name=\"your-name\"><input size=\"40\" maxlength=\"400\" class=\"wpcf7-form-control wpcf7-text wpcf7-validates-as-required\" aria-required=\"true\" aria-invalid=\"false\" value=\"\" type=\"text\" name=\"your-name\" \/><\/span> <\/label>\n<\/p>\n<p><label> Tw\u00f3j adres e-mail<br \/>\n<span class=\"wpcf7-form-control-wrap\" data-name=\"your-email\"><input size=\"40\" maxlength=\"400\" class=\"wpcf7-form-control wpcf7-email wpcf7-validates-as-required wpcf7-text wpcf7-validates-as-email\" aria-required=\"true\" aria-invalid=\"false\" value=\"\" type=\"email\" name=\"your-email\" \/><\/span> <\/label>\n<\/p>\n<p><label> Tytu\u0142 wiadomo\u015bci<br \/>\n<span class=\"wpcf7-form-control-wrap\" data-name=\"your-subject\"><input size=\"40\" maxlength=\"400\" class=\"wpcf7-form-control wpcf7-text wpcf7-validates-as-required\" aria-required=\"true\" aria-invalid=\"false\" value=\"\" type=\"text\" name=\"your-subject\" \/><\/span> <\/label>\n<\/p>\n<p><label> Tre\u015b\u0107 wiadomo\u015bci<br \/>\n<span class=\"wpcf7-form-control-wrap\" data-name=\"your-message\"><textarea cols=\"40\" rows=\"10\" maxlength=\"2000\" class=\"wpcf7-form-control wpcf7-textarea\" aria-invalid=\"false\" name=\"your-message\"><\/textarea><\/span> <\/label>\n<\/p>\n<p><label> Za\u0142\u0105cz plik<br \/>\n<span class=\"wpcf7-form-control-wrap\" data-name=\"your-file\"><input size=\"40\" class=\"wpcf7-form-control wpcf7-file\" accept=\"audio\/*,video\/*,image\/*\" aria-invalid=\"false\" type=\"file\" name=\"your-file\" \/><\/span> <\/label>\n<\/p>\n<p><button class=\"wpcf7-form-control wpcf7-submit has-spinner et_pb_button et_pb_bg_layout_light\" type=\"submit\" value=\"Wy\u015blij\">Wy\u015blij<\/button>\n<\/p><p style=\"display: none !important;\" class=\"akismet-fields-container\" data-prefix=\"_wpcf7_ak_\"><label>&#916;<textarea name=\"_wpcf7_ak_hp_textarea\" cols=\"45\" rows=\"8\" maxlength=\"100\"><\/textarea><\/label><input type=\"hidden\" id=\"ak_js_1\" name=\"_wpcf7_ak_js\" value=\"245\"\/><script>document.getElementById( \"ak_js_1\" ).setAttribute( \"value\", ( new Date() ).getTime() );<\/script><\/p><div class=\"wpcf7-response-output\" aria-hidden=\"true\"><\/div>\n<\/form>\n<\/div>\n\n\t\t\t<\/div>\n\t\t\t\t<\/div>\n\t\t\t<\/div>Dane firmyTechnika Klimatyzacyjna i Grzewcza Sp. z o.o.ul. Ko\u015bcierzy\u0144ska 17-19, 51-430 Wroc\u0142awNIP: 8992555738 &nbsp;Kontakt(biuro) ul. Syrokomli 5, 51-141 Wroc\u0142aw\ud83d\udd7f 605 676 706\u00a0\u2709 biuro@tkg-klimatyzacja.plInformacjeO nasRealizacjeReferencjePolityka prywatno\u015bci<\/p>\n","protected":false},"author":2,"featured_media":0,"parent":0,"menu_order":0,"comment_status":"closed","ping_status":"closed","template":"","meta":{"_et_pb_use_builder":"on","_et_pb_old_content":"","_et_gb_content_width":"","inline_featured_image":false,"footnotes":""},"class_list":["post-125","page","type-page","status-publish","hentry"],"_links":{"self":[{"href":"https:\/\/tkg-klimatyzacja.pl\/index.php\/wp-json\/wp\/v2\/pages\/125","targetHints":{"allow":["GET"]}}],"collection":[{"href":"https:\/\/tkg-klimatyzacja.pl\/index.php\/wp-json\/wp\/v2\/pages"}],"about":[{"href":"https:\/\/tkg-klimatyzacja.pl\/index.php\/wp-json\/wp\/v2\/types\/page"}],"author":[{"embeddable":true,"href":"https:\/\/tkg-klimatyzacja.pl\/index.php\/wp-json\/wp\/v2\/users\/2"}],"replies":[{"embeddable":true,"href":"https:\/\/tkg-klimatyzacja.pl\/index.php\/wp-json\/wp\/v2\/comments?post=125"}],"version-history":[{"count":21,"href":"https:\/\/tkg-klimatyzacja.pl\/index.php\/wp-json\/wp\/v2\/pages\/125\/revisions"}],"predecessor-version":[{"id":249662,"href":"https:\/\/tkg-klimatyzacja.pl\/index.php\/wp-json\/wp\/v2\/pages\/125\/revisions\/249662"}],"wp:attachment":[{"href":"https:\/\/tkg-klimatyzacja.pl\/index.php\/wp-json\/wp\/v2\/media?parent=125"}],"curies":[{"name":"wp","href":"https:\/\/api.w.org\/{rel}","templated":true}]}}